{"id":118,"date":"2020-02-12T03:40:14","date_gmt":"2020-02-12T02:40:14","guid":{"rendered":"https:\/\/pizzasevermartin.sk\/?post_type=product&#038;p=118"},"modified":"2026-04-25T15:57:56","modified_gmt":"2026-04-25T13:57:56","slug":"marinovane-kuracie-stehna","status":"publish","type":"product","link":"https:\/\/pizzasevermartin.sk\/en\/product\/marinovane-kuracie-stehna\/","title":{"rendered":"Marinovan\u00e9 kuracie stehn\u00e1"},"content":{"rendered":"<p>Hmotnos\u0165: 530 g<\/p>\n<!--themify_builder_content-->\n<div id=\"themify_builder_content-118\" data-postid=\"118\" class=\"themify_builder_content themify_builder_content-118 themify_builder tf_clear\">\n    <\/div>\n<!--\/themify_builder_content-->","protected":false},"excerpt":{"rendered":"<p>Hmotnos\u0165: 530 g<\/p>","protected":false},"featured_media":12774,"template":"","meta":[],"product_cat":[30],"product_tag":[],"yoast_head":"<!-- This site is optimized with the Yoast SEO plugin v21.5 - https:\/\/yoast.com\/wordpress\/plugins\/seo\/ -->\n<title>Marinovan\u00e9 kuracie stehn\u00e1 - PizzaSever Martin<\/title>\n<meta name=\"robots\" content=\"index, follow, max-snippet:-1, max-image-preview:large, max-video-preview:-1\" \/>\n<link rel=\"canonical\" href=\"https:\/\/pizzasevermartin.sk\/en\/product\/marinovane-kuracie-stehna\/\" \/>\n<meta property=\"og:locale\" content=\"en_US\" \/>\n<meta property=\"og:type\" content=\"article\" \/>\n<meta property=\"og:title\" content=\"Marinovan\u00e9 kuracie stehn\u00e1 - PizzaSever Martin\" \/>\n<meta property=\"og:description\" content=\"Hmotnos\u0165: 530 g\" \/>\n<meta property=\"og:url\" content=\"https:\/\/pizzasevermartin.sk\/en\/product\/marinovane-kuracie-stehna\/\" \/>\n<meta property=\"og:site_name\" content=\"PizzaSever Martin\" \/>\n<meta property=\"article:publisher\" content=\"https:\/\/www.facebook.com\/PizzaSever-Martin-1988318621407259\/\" \/>\n<meta property=\"article:modified_time\" content=\"2026-04-25T13:57:56+00:00\" \/>\n<meta property=\"og:image\" content=\"https:\/\/pizzasevermartin.sk\/wp-content\/uploads\/2023\/12\/marinovane-kuracie-stehna.webp\" \/>\n\t<meta property=\"og:image:width\" content=\"600\" \/>\n\t<meta property=\"og:image:height\" content=\"400\" \/>\n\t<meta property=\"og:image:type\" content=\"image\/webp\" \/>\n<meta name=\"twitter:card\" content=\"summary_large_image\" \/>\n<meta name=\"twitter:label1\" content=\"Est. reading time\" \/>\n\t<meta name=\"twitter:data1\" content=\"1 minute\" \/>\n<script type=\"application\/ld+json\" class=\"yoast-schema-graph\">{\"@context\":\"https:\/\/schema.org\",\"@graph\":[{\"@type\":\"WebPage\",\"@id\":\"https:\/\/pizzasevermartin.sk\/produkt\/marinovane-kuracie-stehna\/\",\"url\":\"https:\/\/pizzasevermartin.sk\/produkt\/marinovane-kuracie-stehna\/\",\"name\":\"Marinovan\u00e9 kuracie stehn\u00e1 - PizzaSever Martin\",\"isPartOf\":{\"@id\":\"https:\/\/pizzasevermartin.sk\/#website\"},\"datePublished\":\"2020-02-12T02:40:14+00:00\",\"dateModified\":\"2026-04-25T13:57:56+00:00\",\"breadcrumb\":{\"@id\":\"https:\/\/pizzasevermartin.sk\/produkt\/marinovane-kuracie-stehna\/#breadcrumb\"},\"inLanguage\":\"en-US\",\"potentialAction\":[{\"@type\":\"ReadAction\",\"target\":[\"https:\/\/pizzasevermartin.sk\/produkt\/marinovane-kuracie-stehna\/\"]}]},{\"@type\":\"BreadcrumbList\",\"@id\":\"https:\/\/pizzasevermartin.sk\/produkt\/marinovane-kuracie-stehna\/#breadcrumb\",\"itemListElement\":[{\"@type\":\"ListItem\",\"position\":1,\"name\":\"Domovsk\u00e1 str\u00e1nka\",\"item\":\"https:\/\/pizzasevermartin.sk\/\"},{\"@type\":\"ListItem\",\"position\":2,\"name\":\"Cel\u00e1 ponuka\",\"item\":\"https:\/\/pizzasevermartin.sk\/cela-ponuka\/\"},{\"@type\":\"ListItem\",\"position\":3,\"name\":\"Marinovan\u00e9 kuracie stehn\u00e1\"}]},{\"@type\":\"WebSite\",\"@id\":\"https:\/\/pizzasevermartin.sk\/#website\",\"url\":\"https:\/\/pizzasevermartin.sk\/\",\"name\":\"PizzaSever Martin\",\"description\":\"\",\"publisher\":{\"@id\":\"https:\/\/pizzasevermartin.sk\/#organization\"},\"potentialAction\":[{\"@type\":\"SearchAction\",\"target\":{\"@type\":\"EntryPoint\",\"urlTemplate\":\"https:\/\/pizzasevermartin.sk\/?s={search_term_string}\"},\"query-input\":\"required name=search_term_string\"}],\"inLanguage\":\"en-US\"},{\"@type\":\"Organization\",\"@id\":\"https:\/\/pizzasevermartin.sk\/#organization\",\"name\":\"PizzaSever Martin\",\"url\":\"https:\/\/pizzasevermartin.sk\/\",\"logo\":{\"@type\":\"ImageObject\",\"inLanguage\":\"en-US\",\"@id\":\"https:\/\/pizzasevermartin.sk\/#\/schema\/logo\/image\/\",\"url\":\"https:\/\/pizzasevermartin.sk\/wp-content\/uploads\/2020\/03\/logo-pizzasever.png\",\"contentUrl\":\"https:\/\/pizzasevermartin.sk\/wp-content\/uploads\/2020\/03\/logo-pizzasever.png\",\"width\":1172,\"height\":1172,\"caption\":\"PizzaSever Martin\"},\"image\":{\"@id\":\"https:\/\/pizzasevermartin.sk\/#\/schema\/logo\/image\/\"},\"sameAs\":[\"https:\/\/www.facebook.com\/PizzaSever-Martin-1988318621407259\/\"]}]}<\/script>\n<!-- \/ Yoast SEO plugin. -->","yoast_head_json":{"title":"Marinovan\u00e9 kuracie stehn\u00e1 - PizzaSever Martin","robots":{"index":"index","follow":"follow","max-snippet":"max-snippet:-1","max-image-preview":"max-image-preview:large","max-video-preview":"max-video-preview:-1"},"canonical":"https:\/\/pizzasevermartin.sk\/en\/product\/marinovane-kuracie-stehna\/","og_locale":"en_US","og_type":"article","og_title":"Marinovan\u00e9 kuracie stehn\u00e1 - PizzaSever Martin","og_description":"Hmotnos\u0165: 530 g","og_url":"https:\/\/pizzasevermartin.sk\/en\/product\/marinovane-kuracie-stehna\/","og_site_name":"PizzaSever Martin","article_publisher":"https:\/\/www.facebook.com\/PizzaSever-Martin-1988318621407259\/","article_modified_time":"2026-04-25T13:57:56+00:00","og_image":[{"width":600,"height":400,"url":"https:\/\/pizzasevermartin.sk\/wp-content\/uploads\/2023\/12\/marinovane-kuracie-stehna.webp","type":"image\/webp"}],"twitter_card":"summary_large_image","twitter_misc":{"Est. reading time":"1 minute"},"schema":{"@context":"https:\/\/schema.org","@graph":[{"@type":"WebPage","@id":"https:\/\/pizzasevermartin.sk\/produkt\/marinovane-kuracie-stehna\/","url":"https:\/\/pizzasevermartin.sk\/produkt\/marinovane-kuracie-stehna\/","name":"Marinovan\u00e9 kuracie stehn\u00e1 - PizzaSever Martin","isPartOf":{"@id":"https:\/\/pizzasevermartin.sk\/#website"},"datePublished":"2020-02-12T02:40:14+00:00","dateModified":"2026-04-25T13:57:56+00:00","breadcrumb":{"@id":"https:\/\/pizzasevermartin.sk\/produkt\/marinovane-kuracie-stehna\/#breadcrumb"},"inLanguage":"en-US","potentialAction":[{"@type":"ReadAction","target":["https:\/\/pizzasevermartin.sk\/produkt\/marinovane-kuracie-stehna\/"]}]},{"@type":"BreadcrumbList","@id":"https:\/\/pizzasevermartin.sk\/produkt\/marinovane-kuracie-stehna\/#breadcrumb","itemListElement":[{"@type":"ListItem","position":1,"name":"Domovsk\u00e1 str\u00e1nka","item":"https:\/\/pizzasevermartin.sk\/"},{"@type":"ListItem","position":2,"name":"Cel\u00e1 ponuka","item":"https:\/\/pizzasevermartin.sk\/cela-ponuka\/"},{"@type":"ListItem","position":3,"name":"Marinovan\u00e9 kuracie stehn\u00e1"}]},{"@type":"WebSite","@id":"https:\/\/pizzasevermartin.sk\/#website","url":"https:\/\/pizzasevermartin.sk\/","name":"PizzaSever Martin","description":"","publisher":{"@id":"https:\/\/pizzasevermartin.sk\/#organization"},"potentialAction":[{"@type":"SearchAction","target":{"@type":"EntryPoint","urlTemplate":"https:\/\/pizzasevermartin.sk\/?s={search_term_string}"},"query-input":"required name=search_term_string"}],"inLanguage":"en-US"},{"@type":"Organization","@id":"https:\/\/pizzasevermartin.sk\/#organization","name":"PizzaSever Martin","url":"https:\/\/pizzasevermartin.sk\/","logo":{"@type":"ImageObject","inLanguage":"en-US","@id":"https:\/\/pizzasevermartin.sk\/#\/schema\/logo\/image\/","url":"https:\/\/pizzasevermartin.sk\/wp-content\/uploads\/2020\/03\/logo-pizzasever.png","contentUrl":"https:\/\/pizzasevermartin.sk\/wp-content\/uploads\/2020\/03\/logo-pizzasever.png","width":1172,"height":1172,"caption":"PizzaSever Martin"},"image":{"@id":"https:\/\/pizzasevermartin.sk\/#\/schema\/logo\/image\/"},"sameAs":["https:\/\/www.facebook.com\/PizzaSever-Martin-1988318621407259\/"]}]}},"builder_content":"","_links":{"self":[{"href":"https:\/\/pizzasevermartin.sk\/en\/wp-json\/wp\/v2\/product\/118"}],"collection":[{"href":"https:\/\/pizzasevermartin.sk\/en\/wp-json\/wp\/v2\/product"}],"about":[{"href":"https:\/\/pizzasevermartin.sk\/en\/wp-json\/wp\/v2\/types\/product"}],"wp:featuredmedia":[{"embeddable":true,"href":"https:\/\/pizzasevermartin.sk\/en\/wp-json\/wp\/v2\/media\/12774"}],"wp:attachment":[{"href":"https:\/\/pizzasevermartin.sk\/en\/wp-json\/wp\/v2\/media?parent=118"}],"wp:term":[{"taxonomy":"product_cat","embeddable":true,"href":"https:\/\/pizzasevermartin.sk\/en\/wp-json\/wp\/v2\/product_cat?post=118"},{"taxonomy":"product_tag","embeddable":true,"href":"https:\/\/pizzasevermartin.sk\/en\/wp-json\/wp\/v2\/product_tag?post=118"}],"curies":[{"name":"wp","href":"https:\/\/api.w.org\/{rel}","templated":true}]}}