{"id":12623,"date":"2023-12-06T01:41:05","date_gmt":"2023-12-06T00:41:05","guid":{"rendered":"https:\/\/pizzasevermartin.sk\/?post_type=product&#038;p=12623"},"modified":"2026-03-24T08:55:23","modified_gmt":"2026-03-24T07:55:23","slug":"pizza-sever-1000g","status":"publish","type":"product","link":"https:\/\/pizzasevermartin.sk\/en\/product\/pizza-sever-1000g\/","title":{"rendered":"11. PIZZA SEVER 1000g"},"content":{"rendered":"<p>Legenda hovor\u00ed, \u017ee kto si ju objedn\u00e1, bude ma\u0165 \u00fasmev na tv\u00e1ri cel\u00fd de\u0148!<br \/>\nVa\u0161a ob\u013e\u00faben\u00e1 Pizza Sever, pomenovan\u00e1 pod\u013ea na\u0161ej pizz\u00e9rie.<\/p>\n<p><strong>Hmotnos\u0165: 1000 g<\/strong><br \/>\n&#8211; cesto<br \/>\n&#8211; paradajkov\u00fd z\u00e1klad<br \/>\n- cheese<br \/>\n&#8211; \u0161unka<br \/>\n&#8211; klob\u00e1sa<br \/>\n&#8211; cibu\u013ea<br \/>\n&#8211; niva<br \/>\n&#8211; vajce<br \/>\n&#8211; fefer\u00f3ny<br \/>\n<strong>On request, the edges smeared with garlic.<\/strong><\/p>\n<!--themify_builder_content-->\n<div id=\"themify_builder_content-12623\" data-postid=\"12623\" class=\"themify_builder_content themify_builder_content-12623 themify_builder tf_clear\">\n    <\/div>\n<!--\/themify_builder_content-->","protected":false},"excerpt":{"rendered":"<p>Dough, tomato base, cheese, ham, homemade sausage, onion, blue cheese, egg, pepperoni (1,3,7)<\/p>","protected":false},"featured_media":12804,"template":"","meta":[],"product_cat":[39],"product_tag":[],"yoast_head":"<!-- This site is optimized with the Yoast SEO plugin v21.5 - https:\/\/yoast.com\/wordpress\/plugins\/seo\/ -->\n<title>11. PIZZA SEVER 1000g - PizzaSever Martin - Pizz\u00e9ria a don\u00e1\u0161kov\u00e1 slu\u017eba<\/title>\n<meta name=\"description\" content=\"Va\u0161a ob\u013e\u00faben\u00e1 Pizza Sever 1000g. Syr, \u0161unka, klob\u00e1sa, cibu\u013ea, niva, vajce, fefer\u00f3ny. Objedn\u00e1vajte u n\u00e1s v pizz\u00e9rii PizzaSever Martin!\" \/>\n<meta name=\"robots\" content=\"index, follow, max-snippet:-1, max-image-preview:large, max-video-preview:-1\" \/>\n<link rel=\"canonical\" href=\"https:\/\/pizzasevermartin.sk\/en\/product\/pizza-sever-1000g\/\" \/>\n<meta property=\"og:locale\" content=\"en_US\" \/>\n<meta property=\"og:type\" content=\"article\" \/>\n<meta property=\"og:title\" content=\"11. PIZZA SEVER 1000g - PizzaSever Martin - Pizz\u00e9ria a don\u00e1\u0161kov\u00e1 slu\u017eba\" \/>\n<meta property=\"og:description\" content=\"Va\u0161a ob\u013e\u00faben\u00e1 Pizza Sever 1000g. Syr, \u0161unka, klob\u00e1sa, cibu\u013ea, niva, vajce, fefer\u00f3ny. Objedn\u00e1vajte u n\u00e1s v pizz\u00e9rii PizzaSever Martin!\" \/>\n<meta property=\"og:url\" content=\"https:\/\/pizzasevermartin.sk\/en\/product\/pizza-sever-1000g\/\" \/>\n<meta property=\"og:site_name\" content=\"PizzaSever Martin\" \/>\n<meta property=\"article:publisher\" content=\"https:\/\/www.facebook.com\/PizzaSever-Martin-1988318621407259\/\" \/>\n<meta property=\"article:modified_time\" content=\"2026-03-24T07:55:23+00:00\" \/>\n<meta property=\"og:image\" content=\"https:\/\/pizzasevermartin.sk\/wp-content\/uploads\/2023\/12\/11.-PIZZA-SEVER-1.webp\" \/>\n\t<meta property=\"og:image:width\" content=\"600\" \/>\n\t<meta property=\"og:image:height\" content=\"400\" \/>\n\t<meta property=\"og:image:type\" content=\"image\/webp\" \/>\n<meta name=\"twitter:card\" content=\"summary_large_image\" \/>\n<meta name=\"twitter:label1\" content=\"Est. reading time\" \/>\n\t<meta name=\"twitter:data1\" content=\"1 minute\" \/>\n<script type=\"application\/ld+json\" class=\"yoast-schema-graph\">{\"@context\":\"https:\/\/schema.org\",\"@graph\":[{\"@type\":\"WebPage\",\"@id\":\"https:\/\/pizzasevermartin.sk\/produkt\/pizza-sever-1000g\/\",\"url\":\"https:\/\/pizzasevermartin.sk\/produkt\/pizza-sever-1000g\/\",\"name\":\"11. PIZZA SEVER 1000g - PizzaSever Martin - Pizz\u00e9ria a don\u00e1\u0161kov\u00e1 slu\u017eba\",\"isPartOf\":{\"@id\":\"https:\/\/pizzasevermartin.sk\/#website\"},\"datePublished\":\"2023-12-06T00:41:05+00:00\",\"dateModified\":\"2026-03-24T07:55:23+00:00\",\"description\":\"Va\u0161a ob\u013e\u00faben\u00e1 Pizza Sever 1000g. Syr, \u0161unka, klob\u00e1sa, cibu\u013ea, niva, vajce, fefer\u00f3ny. Objedn\u00e1vajte u n\u00e1s v pizz\u00e9rii PizzaSever Martin!\",\"breadcrumb\":{\"@id\":\"https:\/\/pizzasevermartin.sk\/produkt\/pizza-sever-1000g\/#breadcrumb\"},\"inLanguage\":\"en-US\",\"potentialAction\":[{\"@type\":\"ReadAction\",\"target\":[\"https:\/\/pizzasevermartin.sk\/produkt\/pizza-sever-1000g\/\"]}]},{\"@type\":\"BreadcrumbList\",\"@id\":\"https:\/\/pizzasevermartin.sk\/produkt\/pizza-sever-1000g\/#breadcrumb\",\"itemListElement\":[{\"@type\":\"ListItem\",\"position\":1,\"name\":\"Domovsk\u00e1 str\u00e1nka\",\"item\":\"https:\/\/pizzasevermartin.sk\/\"},{\"@type\":\"ListItem\",\"position\":2,\"name\":\"Cel\u00e1 ponuka\",\"item\":\"https:\/\/pizzasevermartin.sk\/cela-ponuka\/\"},{\"@type\":\"ListItem\",\"position\":3,\"name\":\"11. PIZZA SEVER 1000g\"}]},{\"@type\":\"WebSite\",\"@id\":\"https:\/\/pizzasevermartin.sk\/#website\",\"url\":\"https:\/\/pizzasevermartin.sk\/\",\"name\":\"PizzaSever Martin\",\"description\":\"\",\"publisher\":{\"@id\":\"https:\/\/pizzasevermartin.sk\/#organization\"},\"potentialAction\":[{\"@type\":\"SearchAction\",\"target\":{\"@type\":\"EntryPoint\",\"urlTemplate\":\"https:\/\/pizzasevermartin.sk\/?s={search_term_string}\"},\"query-input\":\"required name=search_term_string\"}],\"inLanguage\":\"en-US\"},{\"@type\":\"Organization\",\"@id\":\"https:\/\/pizzasevermartin.sk\/#organization\",\"name\":\"PizzaSever Martin\",\"url\":\"https:\/\/pizzasevermartin.sk\/\",\"logo\":{\"@type\":\"ImageObject\",\"inLanguage\":\"en-US\",\"@id\":\"https:\/\/pizzasevermartin.sk\/#\/schema\/logo\/image\/\",\"url\":\"https:\/\/pizzasevermartin.sk\/wp-content\/uploads\/2020\/03\/logo-pizzasever.png\",\"contentUrl\":\"https:\/\/pizzasevermartin.sk\/wp-content\/uploads\/2020\/03\/logo-pizzasever.png\",\"width\":1172,\"height\":1172,\"caption\":\"PizzaSever Martin\"},\"image\":{\"@id\":\"https:\/\/pizzasevermartin.sk\/#\/schema\/logo\/image\/\"},\"sameAs\":[\"https:\/\/www.facebook.com\/PizzaSever-Martin-1988318621407259\/\"]}]}<\/script>\n<!-- \/ Yoast SEO plugin. -->","yoast_head_json":{"title":"11. PIZZA SEVER 1000g - PizzaSever Martin - Pizz\u00e9ria a don\u00e1\u0161kov\u00e1 slu\u017eba","description":"Va\u0161a ob\u013e\u00faben\u00e1 Pizza Sever 1000g. Syr, \u0161unka, klob\u00e1sa, cibu\u013ea, niva, vajce, fefer\u00f3ny. Objedn\u00e1vajte u n\u00e1s v pizz\u00e9rii PizzaSever Martin!","robots":{"index":"index","follow":"follow","max-snippet":"max-snippet:-1","max-image-preview":"max-image-preview:large","max-video-preview":"max-video-preview:-1"},"canonical":"https:\/\/pizzasevermartin.sk\/en\/product\/pizza-sever-1000g\/","og_locale":"en_US","og_type":"article","og_title":"11. PIZZA SEVER 1000g - PizzaSever Martin - Pizz\u00e9ria a don\u00e1\u0161kov\u00e1 slu\u017eba","og_description":"Va\u0161a ob\u013e\u00faben\u00e1 Pizza Sever 1000g. Syr, \u0161unka, klob\u00e1sa, cibu\u013ea, niva, vajce, fefer\u00f3ny. Objedn\u00e1vajte u n\u00e1s v pizz\u00e9rii PizzaSever Martin!","og_url":"https:\/\/pizzasevermartin.sk\/en\/product\/pizza-sever-1000g\/","og_site_name":"PizzaSever Martin","article_publisher":"https:\/\/www.facebook.com\/PizzaSever-Martin-1988318621407259\/","article_modified_time":"2026-03-24T07:55:23+00:00","og_image":[{"width":600,"height":400,"url":"https:\/\/pizzasevermartin.sk\/wp-content\/uploads\/2023\/12\/11.-PIZZA-SEVER-1.webp","type":"image\/webp"}],"twitter_card":"summary_large_image","twitter_misc":{"Est. reading time":"1 minute"},"schema":{"@context":"https:\/\/schema.org","@graph":[{"@type":"WebPage","@id":"https:\/\/pizzasevermartin.sk\/produkt\/pizza-sever-1000g\/","url":"https:\/\/pizzasevermartin.sk\/produkt\/pizza-sever-1000g\/","name":"11. PIZZA SEVER 1000g - PizzaSever Martin - Pizz\u00e9ria a don\u00e1\u0161kov\u00e1 slu\u017eba","isPartOf":{"@id":"https:\/\/pizzasevermartin.sk\/#website"},"datePublished":"2023-12-06T00:41:05+00:00","dateModified":"2026-03-24T07:55:23+00:00","description":"Va\u0161a ob\u013e\u00faben\u00e1 Pizza Sever 1000g. Syr, \u0161unka, klob\u00e1sa, cibu\u013ea, niva, vajce, fefer\u00f3ny. Objedn\u00e1vajte u n\u00e1s v pizz\u00e9rii PizzaSever Martin!","breadcrumb":{"@id":"https:\/\/pizzasevermartin.sk\/produkt\/pizza-sever-1000g\/#breadcrumb"},"inLanguage":"en-US","potentialAction":[{"@type":"ReadAction","target":["https:\/\/pizzasevermartin.sk\/produkt\/pizza-sever-1000g\/"]}]},{"@type":"BreadcrumbList","@id":"https:\/\/pizzasevermartin.sk\/produkt\/pizza-sever-1000g\/#breadcrumb","itemListElement":[{"@type":"ListItem","position":1,"name":"Domovsk\u00e1 str\u00e1nka","item":"https:\/\/pizzasevermartin.sk\/"},{"@type":"ListItem","position":2,"name":"Cel\u00e1 ponuka","item":"https:\/\/pizzasevermartin.sk\/cela-ponuka\/"},{"@type":"ListItem","position":3,"name":"11. PIZZA SEVER 1000g"}]},{"@type":"WebSite","@id":"https:\/\/pizzasevermartin.sk\/#website","url":"https:\/\/pizzasevermartin.sk\/","name":"PizzaSever Martin","description":"","publisher":{"@id":"https:\/\/pizzasevermartin.sk\/#organization"},"potentialAction":[{"@type":"SearchAction","target":{"@type":"EntryPoint","urlTemplate":"https:\/\/pizzasevermartin.sk\/?s={search_term_string}"},"query-input":"required name=search_term_string"}],"inLanguage":"en-US"},{"@type":"Organization","@id":"https:\/\/pizzasevermartin.sk\/#organization","name":"PizzaSever Martin","url":"https:\/\/pizzasevermartin.sk\/","logo":{"@type":"ImageObject","inLanguage":"en-US","@id":"https:\/\/pizzasevermartin.sk\/#\/schema\/logo\/image\/","url":"https:\/\/pizzasevermartin.sk\/wp-content\/uploads\/2020\/03\/logo-pizzasever.png","contentUrl":"https:\/\/pizzasevermartin.sk\/wp-content\/uploads\/2020\/03\/logo-pizzasever.png","width":1172,"height":1172,"caption":"PizzaSever Martin"},"image":{"@id":"https:\/\/pizzasevermartin.sk\/#\/schema\/logo\/image\/"},"sameAs":["https:\/\/www.facebook.com\/PizzaSever-Martin-1988318621407259\/"]}]}},"builder_content":"","_links":{"self":[{"href":"https:\/\/pizzasevermartin.sk\/en\/wp-json\/wp\/v2\/product\/12623"}],"collection":[{"href":"https:\/\/pizzasevermartin.sk\/en\/wp-json\/wp\/v2\/product"}],"about":[{"href":"https:\/\/pizzasevermartin.sk\/en\/wp-json\/wp\/v2\/types\/product"}],"wp:featuredmedia":[{"embeddable":true,"href":"https:\/\/pizzasevermartin.sk\/en\/wp-json\/wp\/v2\/media\/12804"}],"wp:attachment":[{"href":"https:\/\/pizzasevermartin.sk\/en\/wp-json\/wp\/v2\/media?parent=12623"}],"wp:term":[{"taxonomy":"product_cat","embeddable":true,"href":"https:\/\/pizzasevermartin.sk\/en\/wp-json\/wp\/v2\/product_cat?post=12623"},{"taxonomy":"product_tag","embeddable":true,"href":"https:\/\/pizzasevermartin.sk\/en\/wp-json\/wp\/v2\/product_tag?post=12623"}],"curies":[{"name":"wp","href":"https:\/\/api.w.org\/{rel}","templated":true}]}}